{"id":104,"date":"2024-12-17T03:46:39","date_gmt":"2024-12-17T03:46:39","guid":{"rendered":"http:\/\/10.11.153.111:8082\/?page_id=104"},"modified":"2025-10-06T14:59:03","modified_gmt":"2025-10-06T14:59:03","slug":"politica-de-privacidade","status":"publish","type":"page","link":"https:\/\/care-business.com\/es\/politica-de-privacidade\/","title":{"rendered":"pol\u00edtica de privacidad"},"content":{"rendered":"<div data-elementor-type=\"wp-post\" data-elementor-id=\"104\" class=\"elementor elementor-104\" data-elementor-settings=\"{&quot;ha_cmc_init_switcher&quot;:&quot;no&quot;}\" data-elementor-post-type=\"page\">\n\t\t\t\t<div data-particle_enable=\"false\" data-particle-mobile-disabled=\"false\" class=\"elementor-element elementor-element-6044769 e-con-full e-flex e-con e-parent\" data-id=\"6044769\" data-element_type=\"container\" data-settings=\"{&quot;background_background&quot;:&quot;classic&quot;,&quot;_ha_eqh_enable&quot;:false,&quot;ekit_has_onepagescroll_dot&quot;:&quot;yes&quot;}\">\n\t\t<div data-particle_enable=\"false\" data-particle-mobile-disabled=\"false\" class=\"elementor-element elementor-element-0589031 e-flex e-con-boxed e-con e-child\" data-id=\"0589031\" data-element_type=\"container\" data-settings=\"{&quot;background_background&quot;:&quot;classic&quot;,&quot;_ha_eqh_enable&quot;:false,&quot;ekit_has_onepagescroll_dot&quot;:&quot;yes&quot;}\">\n\t\t\t\t\t<div class=\"e-con-inner\">\n\t\t<div data-particle_enable=\"false\" data-particle-mobile-disabled=\"false\" class=\"elementor-element elementor-element-82bef4d e-con-full e-flex e-con e-child\" data-id=\"82bef4d\" data-element_type=\"container\" data-settings=\"{&quot;_ha_eqh_enable&quot;:false,&quot;ekit_has_onepagescroll_dot&quot;:&quot;yes&quot;}\">\n\t\t<div data-particle_enable=\"false\" data-particle-mobile-disabled=\"false\" class=\"elementor-element elementor-element-07230b7 e-con-full e-flex e-con e-child\" data-id=\"07230b7\" data-element_type=\"container\" data-settings=\"{&quot;_ha_eqh_enable&quot;:false,&quot;ekit_has_onepagescroll_dot&quot;:&quot;yes&quot;}\">\n\t\t\t\t<\/div>\n\t\t<div data-particle_enable=\"false\" data-particle-mobile-disabled=\"false\" class=\"elementor-element elementor-element-eba2e2f e-con-full e-flex e-con e-child\" data-id=\"eba2e2f\" data-element_type=\"container\" data-settings=\"{&quot;_ha_eqh_enable&quot;:false,&quot;ekit_has_onepagescroll_dot&quot;:&quot;yes&quot;}\">\n\t\t\t\t<div class=\"elementor-element elementor-element-f7da1c6 elementor-widget elementor-widget-heading\" data-id=\"f7da1c6\" data-element_type=\"widget\" data-settings=\"{&quot;ekit_we_effect_on&quot;:&quot;none&quot;}\" data-widget_type=\"heading.default\">\n\t\t\t\t<div class=\"elementor-widget-container\">\n\t\t\t\t\t<h2 class=\"elementor-heading-title elementor-size-default\">pol\u00edtica de privacidad<\/h2>\t\t\t\t<\/div>\n\t\t\t\t<\/div>\n\t\t\t\t<\/div>\n\t\t<div data-particle_enable=\"false\" data-particle-mobile-disabled=\"false\" class=\"elementor-element elementor-element-ac8151e e-con-full e-flex e-con e-child\" data-id=\"ac8151e\" data-element_type=\"container\" data-settings=\"{&quot;_ha_eqh_enable&quot;:false,&quot;ekit_has_onepagescroll_dot&quot;:&quot;yes&quot;}\">\n\t\t\t\t<\/div>\n\t\t\t\t<\/div>\n\t\t\t\t\t<\/div>\n\t\t\t\t<\/div>\n\t\t\t\t<\/div>\n\t\t<div data-particle_enable=\"false\" data-particle-mobile-disabled=\"false\" class=\"elementor-element elementor-element-9b28409 e-flex e-con-boxed e-con e-parent\" data-id=\"9b28409\" data-element_type=\"container\" data-settings=\"{&quot;background_background&quot;:&quot;classic&quot;,&quot;_ha_eqh_enable&quot;:false,&quot;ekit_has_onepagescroll_dot&quot;:&quot;yes&quot;}\">\n\t\t\t\t\t<div class=\"e-con-inner\">\n\t\t<div data-particle_enable=\"false\" data-particle-mobile-disabled=\"false\" class=\"elementor-element elementor-element-8cceda5 e-con-full e-flex e-con e-child\" data-id=\"8cceda5\" data-element_type=\"container\" data-settings=\"{&quot;_ha_eqh_enable&quot;:false,&quot;ekit_has_onepagescroll_dot&quot;:&quot;yes&quot;}\">\n\t\t\t\t<\/div>\n\t\t<div data-particle_enable=\"false\" data-particle-mobile-disabled=\"false\" class=\"elementor-element elementor-element-60f8355 e-con-full e-flex e-con e-child\" data-id=\"60f8355\" data-element_type=\"container\" data-settings=\"{&quot;background_background&quot;:&quot;classic&quot;,&quot;_ha_eqh_enable&quot;:false,&quot;ekit_has_onepagescroll_dot&quot;:&quot;yes&quot;}\">\n\t\t\t\t<div class=\"elementor-element elementor-element-56bcbd2 elementor-widget elementor-widget-text-editor\" data-id=\"56bcbd2\" data-element_type=\"widget\" data-settings=\"{&quot;ekit_we_effect_on&quot;:&quot;none&quot;}\" data-widget_type=\"text-editor.default\">\n\t\t\t\t<div class=\"elementor-widget-container\">\n\t\t\t\t\t\t\t\t\t<p style=\"text-align: center;\"><strong>POL\u00cdTICA DE PRIVACIDAD \u2013 CARE (OGP INFORMATION SOLUTIONS LTDA \u2013 EPP)<\/strong><\/p><p>\u00a0\u00a0\u00a0\u00a0\u00a0\u00a0\u00a0\u00a0\u00a0\u00a0\u00a0\u00a0\u00a0 <br \/>\u00a0\u00a0\u00a0\u00a0\u00a0\u00a0\u00a0\u00a0\u00a0\u00a0\u00a0\u00a0\u00a0 <em>CARE valora la privacidad de sus usuarios y cre\u00f3 esta Pol\u00edtica de Privacidad para demostrar su compromiso con la protecci\u00f3n de su privacidad y datos personales, de conformidad con la Ley General de Protecci\u00f3n de Datos, ISO 27001 y 27701, y dem\u00e1s leyes sobre la materia, as\u00ed como para describir c\u00f3mo su privacidad es protegida por CARE al recopilar, procesar y almacenar su informaci\u00f3n personal.\u00a0 <br \/><br \/>\u00a0\u00a0\u00a0\u00a0\u00a0\u00a0\u00a0\u00a0\u00a0\u00a0\u00a0\u00a0\u00a0 CARE sigue el C\u00f3digo de Conducta que representa la misi\u00f3n, visi\u00f3n y valores, creado con el objetivo de orientar y retratar los valores prioritarios de esta empresa desde su concepci\u00f3n, buscando siempre el desempe\u00f1o \u00e9tico de todos sus colaboradores.\u00a0\u00a0\u00a0\u00a0\u00a0\u00a0 <\/em><\/p><p><br \/><br \/><\/p><ol><li><strong>RECOPILACI\u00d3N DE DATOS PERSONALES POR PARTE DE CARE <\/strong><\/li><\/ol><p><strong>\u00a0\u00a0\u00a0\u00a0\u00a0\u00a0\u00a0\u00a0\u00a0\u00a0\u00a0\u00a0\u00a0\u00a0\u00a0\u00a0\u00a0\u00a0\u00a0\u00a0\u00a0\u00a0\u00a0\u00a0\u00a0 <\/strong><br \/>\u00a0\u00a0\u00a0\u00a0\u00a0\u00a0\u00a0\u00a0\u00a0\u00a0 CARE recopila sus datos personales a trav\u00e9s de su sitio web, en la secci\u00f3n &quot;Contactos&quot;. Los datos que CARE recopila, incluyendo su nombre completo y direcci\u00f3n de correo electr\u00f3nico, se utilizan para que usted pueda contactar con CARE y responder a las solicitudes presentadas por el titular de los datos personales.\u00a0\u00a0\u00a0 <br \/><br \/>\u00a0\u00a0\u00a0\u00a0\u00a0\u00a0\u00a0\u00a0\u00a0\u00a0 CARE recopila \u00fanicamente los datos personales estrictamente necesarios para los fines previstos, de acuerdo con el principio de minimizaci\u00f3n de datos ISO 27701.\u00a0\u00a0 <br \/><br \/><br \/><\/p><ol start=\"2\"><li><strong> TRATAMIENTO DE DATOS PERSONALES <\/strong><\/li><\/ol><p><br \/>\u00a0\u00a0\u00a0\u00a0\u00a0\u00a0\u00a0\u00a0\u00a0\u00a0\u00a0\u00a0\u00a0 La informaci\u00f3n proporcionada es para uso exclusivo de CARE. Bajo ninguna circunstancia se vender\u00e1n ni se ceder\u00e1n los datos individuales de los usuarios a terceros sin su autorizaci\u00f3n.<\/p><p>\u00a0\u00a0\u00a0\u00a0\u00a0\u00a0\u00a0\u00a0\u00a0\u00a0\u00a0\u00a0\u00a0 Los datos recopilados se utilizan exclusivamente con fines comerciales y para proporcionar informaci\u00f3n sobre los servicios de CARE. Por lo tanto, todos los datos personales recopilados y sus finalidades est\u00e1n disponibles en el Mapa General de Protecci\u00f3n de Datos de CARE, y el titular de los datos puede solicitar la informaci\u00f3n disponible en cualquier momento que lo considere necesario. La empresa tambi\u00e9n documenta las operaciones de tratamiento de datos de acuerdo con los requisitos de la norma ISO 27701, manteniendo un Registro de Actividades de Tratamiento actualizado. La empresa dispone de tres d\u00edas h\u00e1biles para proporcionar toda la informaci\u00f3n. <br \/><br \/><br \/><\/p><ol start=\"3\"><li><strong> BASE LEGAL PARA EL TRATAMIENTO DE DATOS PERSONALES <\/strong><\/li><\/ol><p>\u00a0\u00a0\u00a0\u00a0\u00a0\u00a0\u00a0\u00a0\u00a0\u00a0\u00a0\u00a0\u00a0 El tratamiento de datos personales tiene su base legal en la ejecuci\u00f3n de un contrato o en tr\u00e1mites previos a un contrato en el que el interesado es parte, a petici\u00f3n de \u00e9ste, en los t\u00e9rminos del art\u00edculo 7, V de la Ley General de Protecci\u00f3n de Datos \u2013 LGPD.\u00a0 <br \/>\u00a0\u00a0\u00a0\u00a0\u00a0\u00a0\u00a0\u00a0\u00a0\u00a0\u00a0\u00a0\u00a0 Si se recogen y tratan datos para otros fines, se solicitar\u00e1 previamente el consentimiento, siguiendo el principio de legalidad de la norma ISO 27701.\u00a0\u00a0\u00a0\u00a0\u00a0\u00a0\u00a0\u00a0\u00a0\u00a0\u00a0\u00a0 <br \/><br \/><br \/><\/p><ol start=\"4\"><li><strong>\u00bfC\u00d3MO PUEDE EL TITULAR EJERCER SUS DERECHOS? <\/strong><\/li><\/ol><p>\u00a0<br \/>\u00a0\u00a0\u00a0\u00a0\u00a0\u00a0\u00a0\u00a0\u00a0\u00a0\u00a0\u00a0\u00a0 CARE garantiza los derechos de los titulares de datos personales, tal como se establece en el art\u00edculo 18 de la Ley General de Protecci\u00f3n de Datos (LGPD). Las solicitudes de confirmaci\u00f3n del tratamiento, acceso y correcci\u00f3n de datos personales pueden realizarse a trav\u00e9s de la direcci\u00f3n de correo electr\u00f3nico que figura al final de esta pol\u00edtica de privacidad.<br \/><br \/>\u00a0\u00a0\u00a0\u00a0\u00a0\u00a0\u00a0\u00a0\u00a0\u00a0\u00a0\u00a0\u00a0 Adem\u00e1s, CARE proporciona mecanismos claros y sencillos para ejercer los derechos de los interesados, tal y como exige la norma ISO 27701, con el fin de garantizar la transparencia en el proceso de protecci\u00f3n de datos.<\/p><p><strong>\u00a0<\/strong><\/p><ol start=\"5\"><li><strong> SEGURIDAD DE DATOS PERSONALES <\/strong><\/li><\/ol><p><br \/>\u00a0\u00a0\u00a0\u00a0\u00a0\u00a0\u00a0\u00a0\u00a0\u00a0\u00a0\u00a0\u00a0 CARE se compromete a realizar todos los esfuerzos posibles para proteger a los interesados, incluida la capacitaci\u00f3n de los empleados y el control del cumplimiento, as\u00ed como las siguientes medidas de seguridad:<\/p><ul><li>Uso de certificado de seguridad;<\/li><li>Cortafuegos;<\/li><li>Cifrado de datos;<\/li><li>Acceso controlado por perfil de usuario;<\/li><li>Alojamiento de centros de datos de AWS;<\/li><li>Pol\u00edticas de backup y DR (recuperaci\u00f3n ante desastres), entre otras.\u00a0\u00a0\u00a0\u00a0\u00a0\u00a0 <br \/><br \/><\/li><\/ul><p><strong>\u00a0\u00a0\u00a0\u00a0\u00a0\u00a0\u00a0\u00a0\u00a0\u00a0\u00a0\u00a0\u00a0 <\/strong>En cumplimiento con la norma ISO 27701, CARE tambi\u00e9n implementa revisiones peri\u00f3dicas de los controles de seguridad para garantizar la integridad, confidencialidad y disponibilidad de los datos personales procesados.\u00a0\u00a0\u00a0\u00a0\u00a0\u00a0\u00a0\u00a0\u00a0\u00a0 <strong><br \/><\/strong><br \/>\u00a0\u00a0\u00a0\u00a0\u00a0\u00a0\u00a0\u00a0\u00a0\u00a0\u00a0\u00a0\u00a0 Aunque CARE se compromete a adoptar todas las medidas posibles para prevenir incidentes de seguridad, ning\u00fan almacenamiento o transmisi\u00f3n de datos en internet es 100% seguro, y si se produce una fuga causada exclusivamente por un tercero \u2013como en el caso de ataques de hackers\u2013 o incluso por culpa exclusiva del usuario (lo que ocurre, por ejemplo, cuando el usuario comparte sus datos con terceros), notificaremos a los afectados y a la Autoridad Nacional de Protecci\u00f3n de Datos sobre el incidente, de acuerdo con lo establecido en la Ley General de Protecci\u00f3n de Datos y prestaremos todo el apoyo necesario.\u00a0\u00a0 <br \/><br \/><\/p><ol start=\"6\"><li><strong>REVISIONES DE POL\u00cdTICAS <\/strong><\/li><\/ol><p>CARE podr\u00e1 modificar su pol\u00edtica de privacidad y, en tal caso, notificar\u00e1 a sus usuarios a trav\u00e9s de esta misma p\u00e1gina. Si el cambio implica una mayor exposici\u00f3n de datos personales, se notificar\u00e1 a los usuarios afectados de inmediato.<br \/>\u00a0\u00a0\u00a0\u00a0\u00a0\u00a0\u00a0\u00a0\u00a0\u00a0\u00a0\u00a0\u00a0 Las revisiones seguir\u00e1n las directrices de la norma ISO 27701 y las versiones anteriores de esta Pol\u00edtica de Privacidad estar\u00e1n disponibles para consulta, lo que garantiza la trazabilidad de los cambios.<\/p><p>\u00a0<\/p><ol start=\"7\"><li><strong>USO DE COOKIES <\/strong><\/li><\/ol><p>\u00a0\u00a0\u00a0\u00a0\u00a0\u00a0 Las cookies son peque\u00f1os archivos de texto que se almacenan en su dispositivo para almacenar datos que un servidor web del dominio que las coloc\u00f3 puede recordar. CARE aclara que solo utiliza cookies de sesi\u00f3n para almacenar y recordar sus preferencias y configuraci\u00f3n, permitirle iniciar sesi\u00f3n, combatir el fraude, analizar el rendimiento de nuestros servicios y cumplir otros fines leg\u00edtimos.<br \/><strong>\u00a0\u00a0\u00a0\u00a0\u00a0\u00a0\u00a0\u00a0\u00a0\u00a0\u00a0\u00a0\u00a0 <\/strong>En cumplimiento con la norma ISO 27701, garantizamos que los usuarios puedan administrar sus preferencias de cookies a trav\u00e9s de controles de privacidad configurables en nuestro sitio web.<br \/><br \/><br \/><\/p><ol start=\"8\"><li><strong> DISPOSICIONES FINALES <\/strong><\/li><\/ol><p>\u00a0\u00a0\u00a0\u00a0\u00a0\u00a0\u00a0\u00a0\u00a0\u00a0\u00a0\u00a0\u00a0 Finalmente, CARE informa que Eric Domingos es el Delegado de Protecci\u00f3n de Datos Personales, encargado de actuar como canal de comunicaci\u00f3n entre el responsable del tratamiento, los titulares de los datos y la Autoridad Nacional de Protecci\u00f3n de Datos (ANPD), respondiendo las solicitudes y preguntas enviadas al siguiente contacto:<br \/>Correo electr\u00f3nico: <a href=\"mailto:eric.domingos@care-business.com\">eric.domingos@care-business.com<\/a>\u00a0\u00a0\u00a0\u00a0\u00a0\u00a0\u00a0\u00a0 <br \/>Direcci\u00f3n postal: Avenida San Juan, 2375, Sala 2007, Jard\u00edn de las Colinas, San Jos\u00e9 de Campos \u2013 SP<\/p><p><br \/><br \/><\/p><table><tbody><tr><td width=\"94\"><p><strong>Fecha<\/strong><\/p><\/td><td width=\"76\"><p><strong>Revisi\u00f3n<\/strong><\/p><\/td><td width=\"396\"><p><strong>Historia<\/strong><\/p><\/td><\/tr><tr><td width=\"94\"><p>10\/06\/2022<\/p><\/td><td width=\"76\"><p>01<\/p><\/td><td width=\"396\"><p>Aprobaci\u00f3n inicial<\/p><\/td><\/tr><tr><td width=\"94\"><p>30\/09\/2024<\/p><\/td><td width=\"76\"><p>02<\/p><\/td><td width=\"396\"><p>Revisi\u00f3n \u2013 Ajustes a los puntos 3, 5 y 6<\/p><\/td><\/tr><tr><td width=\"94\"><p>30\/09\/2025<\/p><\/td><td width=\"76\"><p>03<\/p><\/td><td width=\"396\"><p>Actualizaci\u00f3n del DPO<\/p><\/td><\/tr><tr><td width=\"94\"><p>\u00a0<\/p><\/td><td width=\"76\"><p>\u00a0<\/p><\/td><td width=\"396\"><p>\u00a0<\/p><\/td><\/tr><\/tbody><\/table><p><strong>\u00a0<\/strong><\/p><p>\u00a0<\/p>\t\t\t\t\t\t\t\t<\/div>\n\t\t\t\t<\/div>\n\t\t\t\t<\/div>\n\t\t<div data-particle_enable=\"false\" data-particle-mobile-disabled=\"false\" class=\"elementor-element elementor-element-f93c63d e-con-full e-flex e-con e-child\" data-id=\"f93c63d\" data-element_type=\"container\" data-settings=\"{&quot;_ha_eqh_enable&quot;:false,&quot;ekit_has_onepagescroll_dot&quot;:&quot;yes&quot;}\">\n\t\t\t\t<\/div>\n\t\t\t\t\t<\/div>\n\t\t\t\t<\/div>\n\t\t<div data-particle_enable=\"false\" data-particle-mobile-disabled=\"false\" class=\"elementor-element elementor-element-6b817c2 e-flex e-con-boxed e-con e-parent\" data-id=\"6b817c2\" data-element_type=\"container\" data-settings=\"{&quot;background_background&quot;:&quot;classic&quot;,&quot;_ha_eqh_enable&quot;:false,&quot;ekit_has_onepagescroll_dot&quot;:&quot;yes&quot;}\">\n\t\t\t\t\t<div class=\"e-con-inner\">\n\t\t\t\t<div class=\"elementor-element elementor-element-90666c2 elementor-widget elementor-widget-spacer\" data-id=\"90666c2\" data-element_type=\"widget\" data-settings=\"{&quot;ekit_we_effect_on&quot;:&quot;none&quot;}\" data-widget_type=\"spacer.default\">\n\t\t\t\t<div class=\"elementor-widget-container\">\n\t\t\t\t\t\t\t<div class=\"elementor-spacer\">\n\t\t\t<div class=\"elementor-spacer-inner\"><\/div>\n\t\t<\/div>\n\t\t\t\t\t\t<\/div>\n\t\t\t\t<\/div>\n\t\t\t\t\t<\/div>\n\t\t\t\t<\/div>\n\t\t\t\t<\/div>","protected":false},"excerpt":{"rendered":"<p>Pol\u00edtica de Privacidade POL\u00cdTICA DE PRIVACIDADE \u2013 CARE (OGP SOLUCOES EM INFORMACAO LTDA \u2013 EPP) \u00a0\u00a0\u00a0\u00a0\u00a0\u00a0\u00a0\u00a0\u00a0\u00a0\u00a0\u00a0\u00a0 \u00a0\u00a0\u00a0\u00a0\u00a0\u00a0\u00a0\u00a0\u00a0\u00a0\u00a0\u00a0\u00a0 A CARE valoriza a privacidade de seus usu\u00e1rios e criou esta Pol\u00edtica de Privacidade para demonstrar seu compromisso em proteger a sua privacidade e seus dados pessoais, nos termos da Lei Geral de Prote\u00e7\u00e3o de Dados, ISO 27001 [&hellip;]<\/p>","protected":false},"author":1,"featured_media":0,"parent":0,"menu_order":0,"comment_status":"closed","ping_status":"closed","template":"elementor_header_footer","meta":{"footnotes":""},"class_list":["post-104","page","type-page","status-publish","hentry"],"_links":{"self":[{"href":"https:\/\/care-business.com\/es\/wp-json\/wp\/v2\/pages\/104","targetHints":{"allow":["GET"]}}],"collection":[{"href":"https:\/\/care-business.com\/es\/wp-json\/wp\/v2\/pages"}],"about":[{"href":"https:\/\/care-business.com\/es\/wp-json\/wp\/v2\/types\/page"}],"author":[{"embeddable":true,"href":"https:\/\/care-business.com\/es\/wp-json\/wp\/v2\/users\/1"}],"replies":[{"embeddable":true,"href":"https:\/\/care-business.com\/es\/wp-json\/wp\/v2\/comments?post=104"}],"version-history":[{"count":14,"href":"https:\/\/care-business.com\/es\/wp-json\/wp\/v2\/pages\/104\/revisions"}],"predecessor-version":[{"id":803,"href":"https:\/\/care-business.com\/es\/wp-json\/wp\/v2\/pages\/104\/revisions\/803"}],"wp:attachment":[{"href":"https:\/\/care-business.com\/es\/wp-json\/wp\/v2\/media?parent=104"}],"curies":[{"name":"wp","href":"https:\/\/api.w.org\/{rel}","templated":true}]}}